{"id":20,"date":"2023-08-03T10:54:42","date_gmt":"2023-08-03T10:54:42","guid":{"rendered":"https:\/\/lecloudesalpilles.com\/?page_id=20"},"modified":"2023-12-01T09:26:09","modified_gmt":"2023-12-01T09:26:09","slug":"location-saisonniere-saint-remy-de-provence","status":"publish","type":"page","link":"https:\/\/lecloudesalpilles.com\/en\/","title":{"rendered":"Holiday rental in Saint-R\u00e9my de Provence"},"content":{"rendered":"","protected":false},"excerpt":{"rendered":"","protected":false},"author":1,"featured_media":661,"parent":0,"menu_order":0,"comment_status":"closed","ping_status":"closed","template":"","meta":{"footnotes":""},"class_list":["post-20","page","type-page","status-publish","has-post-thumbnail","czr-hentry"],"yoast_head":"<!-- This site is optimized with the Yoast SEO plugin v27.4 - https:\/\/yoast.com\/product\/yoast-seo-wordpress\/ -->\n<title>Le Clou des Alpilles - Location saisonni\u00e8re \u00e0 Saint-R\u00e9my de Provence<\/title>\n<meta name=\"description\" content=\"Le Clou des Alpilles - Location saisonni\u00e8re Saint-R\u00e9my de Provence - D\u00e9couvrez nos 2 biens disponibles \u00e0 la location courte dur\u00e9e\" \/>\n<meta name=\"robots\" content=\"index, follow, max-snippet:-1, max-image-preview:large, max-video-preview:-1\" \/>\n<link rel=\"canonical\" href=\"https:\/\/lecloudesalpilles.com\/en\/\" \/>\n<meta property=\"og:locale\" content=\"en_GB\" \/>\n<meta property=\"og:type\" content=\"article\" \/>\n<meta property=\"og:title\" content=\"Le Clou des Alpilles\" \/>\n<meta property=\"og:description\" content=\"Le Clou des Alpilles - Location saisonni\u00e8re Saint-R\u00e9my de Provence - D\u00e9couvrez nos 2 biens disponibles \u00e0 la location courte dur\u00e9e\" \/>\n<meta property=\"og:url\" content=\"https:\/\/lecloudesalpilles.com\/en\/\" \/>\n<meta property=\"og:site_name\" content=\"Le Clou des Alpilles\" \/>\n<meta property=\"article:publisher\" content=\"https:\/\/www.facebook.com\/profile.php?id=100094620850987\" \/>\n<meta property=\"article:modified_time\" content=\"2023-12-01T09:26:09+00:00\" \/>\n<meta property=\"og:image\" content=\"https:\/\/lecloudesalpilles.com\/wp-content\/uploads\/2023\/08\/gon_068-scaled.jpeg\" \/>\n\t<meta property=\"og:image:width\" content=\"2560\" \/>\n\t<meta property=\"og:image:height\" content=\"1703\" \/>\n\t<meta property=\"og:image:type\" content=\"image\/jpeg\" \/>\n<meta name=\"twitter:card\" content=\"summary_large_image\" \/>\n<script type=\"application\/ld+json\" class=\"yoast-schema-graph\">{\"@context\":\"https:\\\/\\\/schema.org\",\"@graph\":[{\"@type\":\"WebPage\",\"@id\":\"https:\\\/\\\/lecloudesalpilles.com\\\/\",\"url\":\"https:\\\/\\\/lecloudesalpilles.com\\\/\",\"name\":\"Le Clou des Alpilles - Location saisonni\u00e8re \u00e0 Saint-R\u00e9my de Provence\",\"isPartOf\":{\"@id\":\"https:\\\/\\\/lecloudesalpilles.com\\\/#website\"},\"primaryImageOfPage\":{\"@id\":\"https:\\\/\\\/lecloudesalpilles.com\\\/#primaryimage\"},\"image\":{\"@id\":\"https:\\\/\\\/lecloudesalpilles.com\\\/#primaryimage\"},\"thumbnailUrl\":\"https:\\\/\\\/lecloudesalpilles.com\\\/wp-content\\\/uploads\\\/2023\\\/08\\\/gon_068-scaled.jpeg\",\"datePublished\":\"2023-08-03T10:54:42+00:00\",\"dateModified\":\"2023-12-01T09:26:09+00:00\",\"description\":\"Le Clou des Alpilles - Location saisonni\u00e8re Saint-R\u00e9my de Provence - D\u00e9couvrez nos 2 biens disponibles \u00e0 la location courte dur\u00e9e\",\"breadcrumb\":{\"@id\":\"https:\\\/\\\/lecloudesalpilles.com\\\/#breadcrumb\"},\"inLanguage\":\"en-GB\",\"potentialAction\":[{\"@type\":\"ReadAction\",\"target\":[\"https:\\\/\\\/lecloudesalpilles.com\\\/\"]}]},{\"@type\":\"ImageObject\",\"inLanguage\":\"en-GB\",\"@id\":\"https:\\\/\\\/lecloudesalpilles.com\\\/#primaryimage\",\"url\":\"https:\\\/\\\/lecloudesalpilles.com\\\/wp-content\\\/uploads\\\/2023\\\/08\\\/gon_068-scaled.jpeg\",\"contentUrl\":\"https:\\\/\\\/lecloudesalpilles.com\\\/wp-content\\\/uploads\\\/2023\\\/08\\\/gon_068-scaled.jpeg\",\"width\":2560,\"height\":1703},{\"@type\":\"BreadcrumbList\",\"@id\":\"https:\\\/\\\/lecloudesalpilles.com\\\/#breadcrumb\",\"itemListElement\":[{\"@type\":\"ListItem\",\"position\":1,\"name\":\"Accueil\",\"item\":\"https:\\\/\\\/lecloudesalpilles.com\\\/\"},{\"@type\":\"ListItem\",\"position\":2,\"name\":\"Location saisonni\u00e8re \u00e0 Saint-R\u00e9my de Provence\"}]},{\"@type\":\"WebSite\",\"@id\":\"https:\\\/\\\/lecloudesalpilles.com\\\/#website\",\"url\":\"https:\\\/\\\/lecloudesalpilles.com\\\/\",\"name\":\"Le Clou des Alpilles\",\"description\":\"\",\"potentialAction\":[{\"@type\":\"SearchAction\",\"target\":{\"@type\":\"EntryPoint\",\"urlTemplate\":\"https:\\\/\\\/lecloudesalpilles.com\\\/?s={search_term_string}\"},\"query-input\":{\"@type\":\"PropertyValueSpecification\",\"valueRequired\":true,\"valueName\":\"search_term_string\"}}],\"inLanguage\":\"en-GB\"}]}<\/script>\n<!-- \/ Yoast SEO plugin. -->","yoast_head_json":{"title":"Le Clou des Alpilles - Holiday rental in Saint-R\u00e9my de Provence","description":"Le Clou des Alpilles - Holiday rental Saint-R\u00e9my de Provence - Discover our 2 properties available for short-term rental","robots":{"index":"index","follow":"follow","max-snippet":"max-snippet:-1","max-image-preview":"max-image-preview:large","max-video-preview":"max-video-preview:-1"},"canonical":"https:\/\/lecloudesalpilles.com\/en\/","og_locale":"en_GB","og_type":"article","og_title":"Le Clou des Alpilles","og_description":"Le Clou des Alpilles - Location saisonni\u00e8re Saint-R\u00e9my de Provence - D\u00e9couvrez nos 2 biens disponibles \u00e0 la location courte dur\u00e9e","og_url":"https:\/\/lecloudesalpilles.com\/en\/","og_site_name":"Le Clou des Alpilles","article_publisher":"https:\/\/www.facebook.com\/profile.php?id=100094620850987","article_modified_time":"2023-12-01T09:26:09+00:00","og_image":[{"width":2560,"height":1703,"url":"https:\/\/lecloudesalpilles.com\/wp-content\/uploads\/2023\/08\/gon_068-scaled.jpeg","type":"image\/jpeg"}],"twitter_card":"summary_large_image","schema":{"@context":"https:\/\/schema.org","@graph":[{"@type":"WebPage","@id":"https:\/\/lecloudesalpilles.com\/","url":"https:\/\/lecloudesalpilles.com\/","name":"Le Clou des Alpilles - Holiday rental in Saint-R\u00e9my de Provence","isPartOf":{"@id":"https:\/\/lecloudesalpilles.com\/#website"},"primaryImageOfPage":{"@id":"https:\/\/lecloudesalpilles.com\/#primaryimage"},"image":{"@id":"https:\/\/lecloudesalpilles.com\/#primaryimage"},"thumbnailUrl":"https:\/\/lecloudesalpilles.com\/wp-content\/uploads\/2023\/08\/gon_068-scaled.jpeg","datePublished":"2023-08-03T10:54:42+00:00","dateModified":"2023-12-01T09:26:09+00:00","description":"Le Clou des Alpilles - Holiday rental Saint-R\u00e9my de Provence - Discover our 2 properties available for short-term rental","breadcrumb":{"@id":"https:\/\/lecloudesalpilles.com\/#breadcrumb"},"inLanguage":"en-GB","potentialAction":[{"@type":"ReadAction","target":["https:\/\/lecloudesalpilles.com\/"]}]},{"@type":"ImageObject","inLanguage":"en-GB","@id":"https:\/\/lecloudesalpilles.com\/#primaryimage","url":"https:\/\/lecloudesalpilles.com\/wp-content\/uploads\/2023\/08\/gon_068-scaled.jpeg","contentUrl":"https:\/\/lecloudesalpilles.com\/wp-content\/uploads\/2023\/08\/gon_068-scaled.jpeg","width":2560,"height":1703},{"@type":"BreadcrumbList","@id":"https:\/\/lecloudesalpilles.com\/#breadcrumb","itemListElement":[{"@type":"ListItem","position":1,"name":"Accueil","item":"https:\/\/lecloudesalpilles.com\/"},{"@type":"ListItem","position":2,"name":"Location saisonni\u00e8re \u00e0 Saint-R\u00e9my de Provence"}]},{"@type":"WebSite","@id":"https:\/\/lecloudesalpilles.com\/#website","url":"https:\/\/lecloudesalpilles.com\/","name":"Le Clou des Alpilles","description":"","potentialAction":[{"@type":"SearchAction","target":{"@type":"EntryPoint","urlTemplate":"https:\/\/lecloudesalpilles.com\/?s={search_term_string}"},"query-input":{"@type":"PropertyValueSpecification","valueRequired":true,"valueName":"search_term_string"}}],"inLanguage":"en-GB"}]}},"_links":{"self":[{"href":"https:\/\/lecloudesalpilles.com\/en\/wp-json\/wp\/v2\/pages\/20","targetHints":{"allow":["GET"]}}],"collection":[{"href":"https:\/\/lecloudesalpilles.com\/en\/wp-json\/wp\/v2\/pages"}],"about":[{"href":"https:\/\/lecloudesalpilles.com\/en\/wp-json\/wp\/v2\/types\/page"}],"author":[{"embeddable":true,"href":"https:\/\/lecloudesalpilles.com\/en\/wp-json\/wp\/v2\/users\/1"}],"replies":[{"embeddable":true,"href":"https:\/\/lecloudesalpilles.com\/en\/wp-json\/wp\/v2\/comments?post=20"}],"version-history":[{"count":3,"href":"https:\/\/lecloudesalpilles.com\/en\/wp-json\/wp\/v2\/pages\/20\/revisions"}],"predecessor-version":[{"id":930,"href":"https:\/\/lecloudesalpilles.com\/en\/wp-json\/wp\/v2\/pages\/20\/revisions\/930"}],"wp:featuredmedia":[{"embeddable":true,"href":"https:\/\/lecloudesalpilles.com\/en\/wp-json\/wp\/v2\/media\/661"}],"wp:attachment":[{"href":"https:\/\/lecloudesalpilles.com\/en\/wp-json\/wp\/v2\/media?parent=20"}],"curies":[{"name":"wp","href":"https:\/\/api.w.org\/{rel}","templated":true}]}}